{"id":90,"date":"2023-04-27T21:30:33","date_gmt":"2023-04-28T02:30:33","guid":{"rendered":"https:\/\/diosbta.com\/web\/?page_id=90"},"modified":"2026-02-19T14:03:35","modified_gmt":"2026-02-19T19:03:35","slug":"home-2","status":"publish","type":"page","link":"https:\/\/diosbta.com\/en\/","title":{"rendered":"Home 2"},"content":{"rendered":"<div data-elementor-type=\"wp-page\" data-elementor-id=\"90\" class=\"elementor elementor-90\" data-elementor-post-type=\"page\">\n\t\t\t\t<div class=\"elementor-element elementor-element-f170f2b e-flex e-con-boxed e-con e-parent\" data-id=\"f170f2b\" data-element_type=\"container\" data-e-type=\"container\">\n\t\t\t\t\t<div class=\"e-con-inner\">\n\t\t<div class=\"elementor-element elementor-element-dd4fb8a e-con-full e-flex e-con e-child\" data-id=\"dd4fb8a\" data-element_type=\"container\" data-e-type=\"container\">\n\t\t\t\t<div class=\"elementor-element elementor-element-62f4d8f elementor-widget elementor-widget-image\" data-id=\"62f4d8f\" data-element_type=\"widget\" data-e-type=\"widget\" data-widget_type=\"image.default\">\n\t\t\t\t\t\t\t\t\t\t\t\t\t\t\t<img loading=\"lazy\" decoding=\"async\" width=\"500\" height=\"520\" src=\"https:\/\/diosbta.com\/wp-content\/uploads\/2025\/02\/logo-dios-bta.png\" class=\"attachment-large size-large wp-image-1328\" alt=\"\" srcset=\"https:\/\/diosbta.com\/wp-content\/uploads\/2025\/02\/logo-dios-bta.png 500w, https:\/\/diosbta.com\/wp-content\/uploads\/2025\/02\/logo-dios-bta-288x300.png 288w, https:\/\/diosbta.com\/wp-content\/uploads\/2025\/02\/logo-dios-bta-12x12.png 12w\" sizes=\"auto, (max-width: 500px) 100vw, 500px\" \/>\t\t\t\t\t\t\t\t\t\t\t\t\t\t\t<\/div>\n\t\t\t\t<\/div>\n\t\t\t\t\t<\/div>\n\t\t\t\t<\/div>\n\t\t<div class=\"elementor-element elementor-element-0ec578b e-flex e-con-boxed e-con e-parent\" data-id=\"0ec578b\" data-element_type=\"container\" data-e-type=\"container\" data-settings=\"{&quot;background_background&quot;:&quot;classic&quot;}\">\n\t\t\t\t\t<div class=\"e-con-inner\">\n\t\t<div class=\"elementor-element elementor-element-7b84713 e-con-full e-flex e-con e-child\" data-id=\"7b84713\" data-element_type=\"container\" data-e-type=\"container\">\n\t\t\t\t<div class=\"elementor-element elementor-element-4f3872c b-rounded elementor-widget elementor-widget-image\" data-id=\"4f3872c\" data-element_type=\"widget\" data-e-type=\"widget\" data-widget_type=\"image.default\">\n\t\t\t\t\t\t\t\t\t\t\t\t\t\t\t\t<a href=\"\/en\/lugar-magico\/\">\n\t\t\t\t\t\t\t<img decoding=\"async\" src=\"https:\/\/diosbta.com\/wp-content\/uploads\/elementor\/thumbs\/espacio-hotel-r1payf79ii4tx2wduqpcsl2yblzn7ihcaiezzege32.jpg\" title=\"espacio-hotel\" alt=\"espacio-hotel\" loading=\"lazy\" \/>\t\t\t\t\t\t\t\t<\/a>\n\t\t\t\t\t\t\t\t\t\t\t\t\t\t\t<\/div>\n\t\t\t\t<\/div>\n\t\t<div class=\"elementor-element elementor-element-7023671 e-con-full e-flex e-con e-child\" data-id=\"7023671\" data-element_type=\"container\" data-e-type=\"container\">\n\t\t\t\t<div class=\"elementor-element elementor-element-9cac1ac justify-text elementor-widget elementor-widget-text-editor\" data-id=\"9cac1ac\" data-element_type=\"widget\" data-e-type=\"widget\" data-widget_type=\"text-editor.default\">\n\t\t\t\t\t\t\t\t\t<p>In the vibrant heart of the historic center of Bogot\u00e1, located at Cra. 3 # 10-54, Hotel Dios is an oasis of calm, design and exclusivity. More than an accommodation, it is a space where art and silence intertwine, offering each guest moments of connection and healing. Let yourself be enveloped by the serenity of our boutique rooms and discover the charm of La Candelaria from a unique perspective.<\/p>\t\t\t\t\t\t\t\t<\/div>\n\t\t\t\t<div class=\"elementor-element elementor-element-1d71985 elementor-mobile-align-center elementor-widget elementor-widget-button\" data-id=\"1d71985\" data-element_type=\"widget\" data-e-type=\"widget\" data-widget_type=\"button.default\">\n\t\t\t\t\t\t\t\t\t\t<a class=\"elementor-button elementor-button-link elementor-size-sm\" href=\"\/en\/lugar-magico\/\">\n\t\t\t\t\t\t<span class=\"elementor-button-content-wrapper\">\n\t\t\t\t\t\t\t\t\t<span class=\"elementor-button-text\">View more<\/span>\n\t\t\t\t\t<\/span>\n\t\t\t\t\t<\/a>\n\t\t\t\t\t\t\t\t<\/div>\n\t\t\t\t<\/div>\n\t\t\t\t\t<\/div>\n\t\t\t\t<\/div>\n\t\t<div class=\"elementor-element elementor-element-3a9a79e e-flex e-con-boxed elementor-invisible e-con e-parent\" data-id=\"3a9a79e\" data-element_type=\"container\" data-e-type=\"container\" id=\"rooms\" data-settings=\"{&quot;background_background&quot;:&quot;gradient&quot;,&quot;animation&quot;:&quot;fadeIn&quot;}\">\n\t\t\t\t\t<div class=\"e-con-inner\">\n\t\t<div class=\"elementor-element elementor-element-85babfd e-con-full e-flex e-con e-child\" data-id=\"85babfd\" data-element_type=\"container\" data-e-type=\"container\">\n\t\t\t\t<div class=\"elementor-element elementor-element-c3d5790 elementor-widget elementor-widget-heading\" data-id=\"c3d5790\" data-element_type=\"widget\" data-e-type=\"widget\" data-widget_type=\"heading.default\">\n\t\t\t\t\t<h2 class=\"elementor-heading-title elementor-size-default\">Bedrooms<\/h2>\t\t\t\t<\/div>\n\t\t\t\t<div class=\"elementor-element elementor-element-d12924d justify-text elementor-widget elementor-widget-text-editor\" data-id=\"d12924d\" data-element_type=\"widget\" data-e-type=\"widget\" data-widget_type=\"text-editor.default\">\n\t\t\t\t\t\t\t\t\t<p style=\"text-align: center;\"><span style=\"color: #000000;\">Four exclusive rooms in the heart of Bogot\u00e1, where contemporary elegance and art meet. At Hotel Dios, each space is designed to provide you with calm, privacy and unique moments of disconnection in a sophisticated environment.<\/span><\/p>\t\t\t\t\t\t\t\t<\/div>\n\t\t<div class=\"elementor-element elementor-element-22a9e41 e-con-full e-flex e-con e-child\" data-id=\"22a9e41\" data-element_type=\"container\" data-e-type=\"container\">\n\t\t<div class=\"elementor-element elementor-element-3f7dc4a e-con-full e-flex e-con e-child\" data-id=\"3f7dc4a\" data-element_type=\"container\" data-e-type=\"container\">\n\t\t\t\t<div class=\"elementor-element elementor-element-8c0862d elementor-widget elementor-widget-html\" data-id=\"8c0862d\" data-element_type=\"widget\" data-e-type=\"widget\" data-widget_type=\"html.default\">\n\t\t\t\t\t<div class=\"contenedor-hab\">\n    <div class=\"contenedor-hab1\">\n        <div class=\"hab-img\">\n            <a href=\"https:\/\/hotels.cloudbeds.com\/es\/reservation\/B9kIPO?currency=cop\"\n                class=\"imagen\">\n                <img decoding=\"async\" src=\"\/wp-content\/uploads\/2025\/02\/suite-executive.jpg\" alt=\"Suite Executive\">\n            <\/a>\n\n        <\/div>\n        <div class=\"nombre-hab1 nombre-hab-mv\">Suite Executive<\/div>\n        <div class=\"hab-img\">\n            <a href=\"https:\/\/hotels.cloudbeds.com\/es\/reservation\/B9kIPO?currency=cop\"\n                class=\"imagen\">\n                <img decoding=\"async\" src=\"\/wp-content\/uploads\/2025\/02\/suite-deluxe2.jpg\" alt=\"Suite Deluxe\">\n            <\/a>\n        <\/div>\n        <div class=\"nombre-hab2 nombre-hab-mv\">Suite Deluxe<\/div>\n        <div class=\"hab-img\">\n            <a href=\"https:\/\/hotels.cloudbeds.com\/es\/reservation\/B9kIPO?currency=cop\"\n                class=\"imagen\">\n                <img decoding=\"async\" src=\"\/wp-content\/uploads\/2025\/02\/suite-dios.jpg\" alt=\"Suite Dios\">\n            <\/a>\n        <\/div>\n        <div class=\"nombre-hab3 nombre-hab-mv\">Suite God<\/div>\n        <div class=\"hab-img\">\n            <a href=\"https:\/\/hotels.cloudbeds.com\/es\/reservation\/B9kIPO?currency=cop\" class=\"imagen\">\n                <img decoding=\"async\" src=\"\/wp-content\/uploads\/2025\/02\/habitacion-standard.jpg\" alt=\"Habitacion standard\">\n            <\/a>\n        <\/div>\n        <div class=\"nombre-hab4 nombre-hab-mv\">Habitaci\u00f3n standard<\/div>\n        <div class=\"nombre-hab nombre-hab1\">Suite Executive<\/div>\n        <div class=\"nombre-hab nombre-hab2\">Suite Deluxe<\/div>\n        <div class=\"nombre-hab nombre-hab3\">Suite God<\/div>\n        <div class=\"nombre-hab nombre-hab4\">Habitaci\u00f3n standard<\/div>\n\n    <\/div>\n\n<\/div>\t\t\t\t<\/div>\n\t\t\t\t<\/div>\n\t\t\t\t<\/div>\n\t\t\t\t<\/div>\n\t\t\t\t\t<\/div>\n\t\t\t\t<\/div>\n\t\t<div class=\"elementor-element elementor-element-8f3fea5 e-flex e-con-boxed e-con e-parent\" data-id=\"8f3fea5\" data-element_type=\"container\" data-e-type=\"container\" data-settings=\"{&quot;background_background&quot;:&quot;classic&quot;}\">\n\t\t\t\t\t<div class=\"e-con-inner\">\n\t\t<div class=\"elementor-element elementor-element-b728187 e-con-full e-flex e-con e-child\" data-id=\"b728187\" data-element_type=\"container\" data-e-type=\"container\">\n\t\t<div class=\"elementor-element elementor-element-ccd720c e-con-full e-flex e-con e-child\" data-id=\"ccd720c\" data-element_type=\"container\" data-e-type=\"container\">\n\t\t<div class=\"elementor-element elementor-element-d7deff7 e-con-full e-flex e-con e-child\" data-id=\"d7deff7\" data-element_type=\"container\" data-e-type=\"container\">\n\t\t\t\t<div class=\"elementor-element elementor-element-aa48a9c elementor-widget elementor-widget-heading\" data-id=\"aa48a9c\" data-element_type=\"widget\" data-e-type=\"widget\" data-widget_type=\"heading.default\">\n\t\t\t\t\t<h2 class=\"elementor-heading-title elementor-size-default\">Services<\/h2>\t\t\t\t<\/div>\n\t\t\t\t<\/div>\n\t\t\t\t<\/div>\n\t\t\t\t<\/div>\n\t\t\t\t\t<\/div>\n\t\t\t\t<\/div>\n\t\t<div class=\"elementor-element elementor-element-38162a2 e-flex e-con-boxed e-con e-parent\" data-id=\"38162a2\" data-element_type=\"container\" data-e-type=\"container\" data-settings=\"{&quot;background_background&quot;:&quot;classic&quot;}\">\n\t\t\t\t\t<div class=\"e-con-inner\">\n\t\t<div class=\"elementor-element elementor-element-6e81a78 e-con-full e-flex e-con e-child\" data-id=\"6e81a78\" data-element_type=\"container\" data-e-type=\"container\">\n\t\t\t\t<div class=\"elementor-element elementor-element-2a9ad1d elementor-widget elementor-widget-html\" data-id=\"2a9ad1d\" data-element_type=\"widget\" data-e-type=\"widget\" data-widget_type=\"html.default\">\n\t\t\t\t\t<div class=\"grid-icons\">\n    <div class=\"grid-item\"><img decoding=\"async\" src=\"\/wp-content\/uploads\/2025\/02\/1.png\" alt=\"Desayuno gourmet\"><\/div>\n    <div class=\"grid-item\"><img decoding=\"async\" src=\"\/wp-content\/uploads\/2025\/02\/2.png\" alt=\"Consierge\"><\/div>\n    <div class=\"grid-item\"><img decoding=\"async\" src=\"\/wp-content\/uploads\/2025\/02\/3.png\" alt=\"Cava de vinos\"><\/div>\n    <div class=\"grid-item\"><img decoding=\"async\" src=\"\/wp-content\/uploads\/2025\/02\/4.png\" alt=\"Bell\"><\/div>\n    <div class=\"grid-item\"><img decoding=\"async\" src=\"\/wp-content\/uploads\/2025\/02\/5.png\" alt=\"WiFi gratis\"><\/div>\n    <div class=\"grid-item\"><img decoding=\"async\" src=\"\/wp-content\/uploads\/2025\/02\/6.png\" alt=\"Lavanderia\"><\/div>\n    <div class=\"grid-item\"><img decoding=\"async\" src=\"\/wp-content\/uploads\/2025\/02\/7.png\" alt=\"Zonas comunes\"><\/div>\n    <div class=\"grid-item\"><img decoding=\"async\" src=\"\/wp-content\/uploads\/2025\/02\/8.png\" alt=\"Spa\"><\/div>\n    <div class=\"grid-item\"><img decoding=\"async\" src=\"\/wp-content\/uploads\/2025\/02\/9.png\" alt=\"Housekeeping\"><\/div>\n    <div class=\"grid-item\"><img decoding=\"async\" src=\"\/wp-content\/uploads\/2025\/02\/10.png\" alt=\"Guia local\"><\/div>\n    <div class=\"grid-item\"><img decoding=\"async\" src=\"\/wp-content\/uploads\/2025\/02\/12.png\" alt=\"Parqueadero\"><\/div>\n    <div class=\"grid-item\"><img decoding=\"async\" src=\"\/wp-content\/uploads\/2025\/02\/11.png\" alt=\"Pet Friendly\"><\/div>\n<\/div>\t\t\t\t<\/div>\n\t\t\t\t<\/div>\n\t\t<div class=\"elementor-element elementor-element-3edd5b0 obj-center e-con-full e-flex e-con e-child\" data-id=\"3edd5b0\" data-element_type=\"container\" data-e-type=\"container\">\n\t\t\t\t<div class=\"elementor-element elementor-element-d19eb37 elementor-widget elementor-widget-text-editor\" data-id=\"d19eb37\" data-element_type=\"widget\" data-e-type=\"widget\" data-widget_type=\"text-editor.default\">\n\t\t\t\t\t\t\t\t\t<p>Gourmet Breakfast <br \/>Concierge <br \/>Wine cellar <br \/>Free Wi-Fi <br \/>Laundry <br \/>Common areas <br \/>Internal management <br \/>Spa <br \/>Restaurant <br \/>Local Guide <br \/>Transport - airport<br \/>Pets are allowed<\/p>\t\t\t\t\t\t\t\t<\/div>\n\t\t\t\t<\/div>\n\t\t\t\t\t<\/div>\n\t\t\t\t<\/div>\n\t\t<div class=\"elementor-element elementor-element-4b9f2eb e-flex e-con-boxed e-con e-parent\" data-id=\"4b9f2eb\" data-element_type=\"container\" data-e-type=\"container\" data-settings=\"{&quot;background_background&quot;:&quot;classic&quot;}\">\n\t\t\t\t\t<div class=\"e-con-inner\">\n\t\t<div class=\"elementor-element elementor-element-6edb107 e-con-full e-flex e-con e-child\" data-id=\"6edb107\" data-element_type=\"container\" data-e-type=\"container\">\n\t\t<div class=\"elementor-element elementor-element-5b6f69d e-con-full e-flex e-con e-child\" data-id=\"5b6f69d\" data-element_type=\"container\" data-e-type=\"container\">\n\t\t<div class=\"elementor-element elementor-element-187c843 e-con-full e-flex e-con e-child\" data-id=\"187c843\" data-element_type=\"container\" data-e-type=\"container\">\n\t\t\t\t<div class=\"elementor-element elementor-element-d8f797c elementor-widget elementor-widget-heading\" data-id=\"d8f797c\" data-element_type=\"widget\" data-e-type=\"widget\" data-widget_type=\"heading.default\">\n\t\t\t\t\t<h2 class=\"elementor-heading-title elementor-size-default\">Points of interest<\/h2>\t\t\t\t<\/div>\n\t\t\t\t<\/div>\n\t\t\t\t<\/div>\n\t\t\t\t<\/div>\n\t\t\t\t\t<\/div>\n\t\t\t\t<\/div>\n\t\t<div class=\"elementor-element elementor-element-5d94ba0 e-flex e-con-boxed e-con e-parent\" data-id=\"5d94ba0\" data-element_type=\"container\" data-e-type=\"container\" data-settings=\"{&quot;background_background&quot;:&quot;classic&quot;}\">\n\t\t\t\t\t<div class=\"e-con-inner\">\n\t\t<div class=\"elementor-element elementor-element-d659ec9 e-con-full e-flex e-con e-child\" data-id=\"d659ec9\" data-element_type=\"container\" data-e-type=\"container\">\n\t\t\t\t<div class=\"elementor-element elementor-element-6c1317f elementor-widget elementor-widget-html\" data-id=\"6c1317f\" data-element_type=\"widget\" data-e-type=\"widget\" data-widget_type=\"html.default\">\n\t\t\t\t\t<iframe loading=\"lazy\" src=\"https:\/\/www.google.com\/maps\/d\/u\/4\/embed?mid=1fQyFCbyTano30PuXFFntg0dsn5lK_vM&ehbc=2E312F&noprof=1\" width=\"640\" height=\"480\"><\/iframe>\t\t\t\t<\/div>\n\t\t\t\t<\/div>\n\t\t\t\t\t<\/div>\n\t\t\t\t<\/div>\n\t\t\t\t<\/div>","protected":false},"excerpt":{"rendered":"<p>En el coraz\u00f3n vibrante del centro hist\u00f3rico de Bogot\u00e1, ubicado en la Cra. 3 # 10-54, Hotel Dios es un oasis de calma, dise\u00f1o y exclusividad. M\u00e1s que un alojamiento, es un espacio donde el arte y el silencio se entrelazan, ofreciendo a cada hu\u00e9sped momentos de conexi\u00f3n y sanaci\u00f3n. D\u00e9jate envolver por la serenidad [&hellip;]<\/p>\n","protected":false},"author":1,"featured_media":1086,"parent":0,"menu_order":0,"comment_status":"closed","ping_status":"closed","template":"","meta":{"footnotes":""},"class_list":["post-90","page","type-page","status-publish","has-post-thumbnail","hentry"],"yoast_head":"<!-- This site is optimized with the Yoast SEO plugin v27.0 - https:\/\/yoast.com\/product\/yoast-seo-wordpress\/ -->\n<title>Dios Bogot\u00e1 - Hotel, restaurante<\/title>\n<meta name=\"description\" content=\"Dios est\u00e1 ubicado en el coraz\u00f3n del centro hist\u00f3rico de Bogot\u00e1, Cra. 3 #10-54. Un lugar ecl\u00e9ctico, tranquilo y sofisticado.\" \/>\n<meta name=\"robots\" content=\"index, follow, max-snippet:-1, max-image-preview:large, max-video-preview:-1\" \/>\n<link rel=\"canonical\" href=\"https:\/\/diosbta.com\/en\/\" \/>\n<meta property=\"og:locale\" content=\"en_US\" \/>\n<meta property=\"og:type\" content=\"article\" \/>\n<meta property=\"og:title\" content=\"Dios Bogot\u00e1 - Hotel, restaurante\" \/>\n<meta property=\"og:description\" content=\"Dios est\u00e1 ubicado en el coraz\u00f3n del centro hist\u00f3rico de Bogot\u00e1, Cra. 3 #10-54. Un lugar ecl\u00e9ctico, tranquilo y sofisticado.\" \/>\n<meta property=\"og:url\" content=\"https:\/\/diosbta.com\/en\/\" \/>\n<meta property=\"og:site_name\" content=\"DIOS Bogot\u00e1 - Hotel, restaurante\" \/>\n<meta property=\"article:modified_time\" content=\"2026-02-19T19:03:35+00:00\" \/>\n<meta property=\"og:image\" content=\"https:\/\/diosbta.com\/wp-content\/uploads\/2023\/05\/logo-12.jpg\" \/>\n\t<meta property=\"og:image:width\" content=\"400\" \/>\n\t<meta property=\"og:image:height\" content=\"400\" \/>\n\t<meta property=\"og:image:type\" content=\"image\/jpeg\" \/>\n<meta name=\"twitter:card\" content=\"summary_large_image\" \/>\n<meta name=\"twitter:image\" content=\"https:\/\/diosbta.com\/wp-content\/uploads\/2023\/05\/logo-12.jpg\" \/>\n<meta name=\"twitter:label1\" content=\"Est. reading time\" \/>\n\t<meta name=\"twitter:data1\" content=\"5 minutes\" \/>\n<script type=\"application\/ld+json\" class=\"yoast-schema-graph\">{\"@context\":\"https:\/\/schema.org\",\"@graph\":[{\"@type\":\"WebPage\",\"@id\":\"https:\/\/diosbta.com\/\",\"url\":\"https:\/\/diosbta.com\/\",\"name\":\"Dios Bogot\u00e1 - Hotel, restaurante\",\"isPartOf\":{\"@id\":\"https:\/\/diosbta.com\/#website\"},\"primaryImageOfPage\":{\"@id\":\"https:\/\/diosbta.com\/#primaryimage\"},\"image\":{\"@id\":\"https:\/\/diosbta.com\/#primaryimage\"},\"thumbnailUrl\":\"https:\/\/diosbta.com\/wp-content\/uploads\/2023\/05\/logo-12.jpg\",\"datePublished\":\"2023-04-28T02:30:33+00:00\",\"dateModified\":\"2026-02-19T19:03:35+00:00\",\"description\":\"Dios est\u00e1 ubicado en el coraz\u00f3n del centro hist\u00f3rico de Bogot\u00e1, Cra. 3 #10-54. Un lugar ecl\u00e9ctico, tranquilo y sofisticado.\",\"breadcrumb\":{\"@id\":\"https:\/\/diosbta.com\/#breadcrumb\"},\"inLanguage\":\"en-US\",\"potentialAction\":[{\"@type\":\"ReadAction\",\"target\":[\"https:\/\/diosbta.com\/\"]}]},{\"@type\":\"ImageObject\",\"inLanguage\":\"en-US\",\"@id\":\"https:\/\/diosbta.com\/#primaryimage\",\"url\":\"https:\/\/diosbta.com\/wp-content\/uploads\/2023\/05\/logo-12.jpg\",\"contentUrl\":\"https:\/\/diosbta.com\/wp-content\/uploads\/2023\/05\/logo-12.jpg\",\"width\":400,\"height\":400},{\"@type\":\"BreadcrumbList\",\"@id\":\"https:\/\/diosbta.com\/#breadcrumb\",\"itemListElement\":[{\"@type\":\"ListItem\",\"position\":1,\"name\":\"Inicio\",\"item\":\"https:\/\/diosbta.com\/\"},{\"@type\":\"ListItem\",\"position\":2,\"name\":\"Home 2\"}]},{\"@type\":\"WebSite\",\"@id\":\"https:\/\/diosbta.com\/#website\",\"url\":\"https:\/\/diosbta.com\/\",\"name\":\"DIOS Bogot\u00e1 - Hotel, restaurante\",\"description\":\"\",\"potentialAction\":[{\"@type\":\"SearchAction\",\"target\":{\"@type\":\"EntryPoint\",\"urlTemplate\":\"https:\/\/diosbta.com\/?s={search_term_string}\"},\"query-input\":{\"@type\":\"PropertyValueSpecification\",\"valueRequired\":true,\"valueName\":\"search_term_string\"}}],\"inLanguage\":\"en-US\"}]}<\/script>\n<!-- \/ Yoast SEO plugin. -->","yoast_head_json":{"title":"Dios Bogot\u00e1 - Hotel, restaurante","description":"Dios est\u00e1 ubicado en el coraz\u00f3n del centro hist\u00f3rico de Bogot\u00e1, Cra. 3 #10-54. Un lugar ecl\u00e9ctico, tranquilo y sofisticado.","robots":{"index":"index","follow":"follow","max-snippet":"max-snippet:-1","max-image-preview":"max-image-preview:large","max-video-preview":"max-video-preview:-1"},"canonical":"https:\/\/diosbta.com\/en\/","og_locale":"en_US","og_type":"article","og_title":"Dios Bogot\u00e1 - Hotel, restaurante","og_description":"Dios est\u00e1 ubicado en el coraz\u00f3n del centro hist\u00f3rico de Bogot\u00e1, Cra. 3 #10-54. Un lugar ecl\u00e9ctico, tranquilo y sofisticado.","og_url":"https:\/\/diosbta.com\/en\/","og_site_name":"DIOS Bogot\u00e1 - Hotel, restaurante","article_modified_time":"2026-02-19T19:03:35+00:00","og_image":[{"width":400,"height":400,"url":"https:\/\/diosbta.com\/wp-content\/uploads\/2023\/05\/logo-12.jpg","type":"image\/jpeg"}],"twitter_card":"summary_large_image","twitter_image":"https:\/\/diosbta.com\/wp-content\/uploads\/2023\/05\/logo-12.jpg","twitter_misc":{"Est. reading time":"5 minutes"},"schema":{"@context":"https:\/\/schema.org","@graph":[{"@type":"WebPage","@id":"https:\/\/diosbta.com\/","url":"https:\/\/diosbta.com\/","name":"Dios Bogot\u00e1 - Hotel, restaurante","isPartOf":{"@id":"https:\/\/diosbta.com\/#website"},"primaryImageOfPage":{"@id":"https:\/\/diosbta.com\/#primaryimage"},"image":{"@id":"https:\/\/diosbta.com\/#primaryimage"},"thumbnailUrl":"https:\/\/diosbta.com\/wp-content\/uploads\/2023\/05\/logo-12.jpg","datePublished":"2023-04-28T02:30:33+00:00","dateModified":"2026-02-19T19:03:35+00:00","description":"Dios est\u00e1 ubicado en el coraz\u00f3n del centro hist\u00f3rico de Bogot\u00e1, Cra. 3 #10-54. Un lugar ecl\u00e9ctico, tranquilo y sofisticado.","breadcrumb":{"@id":"https:\/\/diosbta.com\/#breadcrumb"},"inLanguage":"en-US","potentialAction":[{"@type":"ReadAction","target":["https:\/\/diosbta.com\/"]}]},{"@type":"ImageObject","inLanguage":"en-US","@id":"https:\/\/diosbta.com\/#primaryimage","url":"https:\/\/diosbta.com\/wp-content\/uploads\/2023\/05\/logo-12.jpg","contentUrl":"https:\/\/diosbta.com\/wp-content\/uploads\/2023\/05\/logo-12.jpg","width":400,"height":400},{"@type":"BreadcrumbList","@id":"https:\/\/diosbta.com\/#breadcrumb","itemListElement":[{"@type":"ListItem","position":1,"name":"Inicio","item":"https:\/\/diosbta.com\/"},{"@type":"ListItem","position":2,"name":"Home 2"}]},{"@type":"WebSite","@id":"https:\/\/diosbta.com\/#website","url":"https:\/\/diosbta.com\/","name":"DIOS Bogot\u00e1 - Hotel, restaurante","description":"","potentialAction":[{"@type":"SearchAction","target":{"@type":"EntryPoint","urlTemplate":"https:\/\/diosbta.com\/?s={search_term_string}"},"query-input":{"@type":"PropertyValueSpecification","valueRequired":true,"valueName":"search_term_string"}}],"inLanguage":"en-US"}]}},"_links":{"self":[{"href":"https:\/\/diosbta.com\/en\/wp-json\/wp\/v2\/pages\/90","targetHints":{"allow":["GET"]}}],"collection":[{"href":"https:\/\/diosbta.com\/en\/wp-json\/wp\/v2\/pages"}],"about":[{"href":"https:\/\/diosbta.com\/en\/wp-json\/wp\/v2\/types\/page"}],"author":[{"embeddable":true,"href":"https:\/\/diosbta.com\/en\/wp-json\/wp\/v2\/users\/1"}],"replies":[{"embeddable":true,"href":"https:\/\/diosbta.com\/en\/wp-json\/wp\/v2\/comments?post=90"}],"version-history":[{"count":0,"href":"https:\/\/diosbta.com\/en\/wp-json\/wp\/v2\/pages\/90\/revisions"}],"wp:featuredmedia":[{"embeddable":true,"href":"https:\/\/diosbta.com\/en\/wp-json\/wp\/v2\/media\/1086"}],"wp:attachment":[{"href":"https:\/\/diosbta.com\/en\/wp-json\/wp\/v2\/media?parent=90"}],"curies":[{"name":"wp","href":"https:\/\/api.w.org\/{rel}","templated":true}]}}