{"id":367,"date":"2023-04-28T13:59:22","date_gmt":"2023-04-28T18:59:22","guid":{"rendered":"https:\/\/diosbta.com\/web\/?page_id=367"},"modified":"2025-06-11T19:32:23","modified_gmt":"2025-06-12T00:32:23","slug":"nuestra-cocina","status":"publish","type":"page","link":"https:\/\/diosbta.com\/en\/home-2\/nuestra-cocina\/","title":{"rendered":"Our kitchen"},"content":{"rendered":"<div data-elementor-type=\"wp-page\" data-elementor-id=\"367\" class=\"elementor elementor-367\" data-elementor-post-type=\"page\">\n\t\t\t\t\t\t<section class=\"elementor-section elementor-top-section elementor-element elementor-element-1414753 elementor-section-full_width elementor-section-height-min-height elementor-section-height-default elementor-section-items-middle\" data-id=\"1414753\" data-element_type=\"section\" data-e-type=\"section\" data-settings=\"{&quot;background_background&quot;:&quot;classic&quot;}\">\n\t\t\t\t\t\t\t<div class=\"elementor-background-overlay\"><\/div>\n\t\t\t\t\t\t\t<div class=\"elementor-container elementor-column-gap-default\">\n\t\t\t\t\t<div class=\"elementor-column elementor-col-100 elementor-top-column elementor-element elementor-element-7a6f8d5\" data-id=\"7a6f8d5\" data-element_type=\"column\" data-e-type=\"column\">\n\t\t\t<div class=\"elementor-widget-wrap elementor-element-populated\">\n\t\t\t\t\t\t<div class=\"elementor-element elementor-element-3b2090d title01 elementor-invisible elementor-widget elementor-widget-heading\" data-id=\"3b2090d\" data-element_type=\"widget\" data-e-type=\"widget\" data-settings=\"{&quot;_animation&quot;:&quot;fadeInUp&quot;}\" data-widget_type=\"heading.default\">\n\t\t\t\t\t<h1 class=\"elementor-heading-title elementor-size-default\">Our kitchen<\/h1>\t\t\t\t<\/div>\n\t\t\t\t\t<\/div>\n\t\t<\/div>\n\t\t\t\t\t<\/div>\n\t\t<\/section>\n\t\t\t\t<section class=\"elementor-section elementor-top-section elementor-element elementor-element-18fb11f row-reverse elementor-section-boxed elementor-section-height-default elementor-section-height-default\" data-id=\"18fb11f\" data-element_type=\"section\" data-e-type=\"section\">\n\t\t\t\t\t\t<div class=\"elementor-container elementor-column-gap-default\">\n\t\t\t\t\t<div class=\"elementor-column elementor-col-50 elementor-top-column elementor-element elementor-element-52206c3 box-1\" data-id=\"52206c3\" data-element_type=\"column\" data-e-type=\"column\">\n\t\t\t<div class=\"elementor-widget-wrap elementor-element-populated\">\n\t\t\t\t\t\t<div class=\"elementor-element elementor-element-69f5df1 elementor-invisible elementor-widget elementor-widget-image\" data-id=\"69f5df1\" data-element_type=\"widget\" data-e-type=\"widget\" data-settings=\"{&quot;_animation&quot;:&quot;fadeInLeft&quot;}\" data-widget_type=\"image.default\">\n\t\t\t\t\t\t\t\t\t\t\t\t\t\t\t<img loading=\"lazy\" decoding=\"async\" width=\"683\" height=\"1025\" src=\"https:\/\/diosbta.com\/wp-content\/uploads\/2023\/04\/DSC06473-683x1025.jpg\" class=\"attachment-large size-large wp-image-381\" alt=\"\" srcset=\"https:\/\/diosbta.com\/wp-content\/uploads\/2023\/04\/DSC06473-683x1025.jpg 683w, https:\/\/diosbta.com\/wp-content\/uploads\/2023\/04\/DSC06473-200x300.jpg 200w, https:\/\/diosbta.com\/wp-content\/uploads\/2023\/04\/DSC06473-768x1152.jpg 768w, https:\/\/diosbta.com\/wp-content\/uploads\/2023\/04\/DSC06473-8x12.jpg 8w, https:\/\/diosbta.com\/wp-content\/uploads\/2023\/04\/elementor\/thumbs\/DSC06473-q5ox99h4j2fmz2aqtgml34uchudmvrzowqyfh4otak.jpg 500w, https:\/\/diosbta.com\/wp-content\/uploads\/2023\/04\/DSC06473.jpg 800w\" sizes=\"auto, (max-width: 683px) 100vw, 683px\" \/>\t\t\t\t\t\t\t\t\t\t\t\t\t\t\t<\/div>\n\t\t\t\t\t<\/div>\n\t\t<\/div>\n\t\t\t\t<div class=\"elementor-column elementor-col-50 elementor-top-column elementor-element elementor-element-5889e7a box-2\" data-id=\"5889e7a\" data-element_type=\"column\" data-e-type=\"column\">\n\t\t\t<div class=\"elementor-widget-wrap elementor-element-populated\">\n\t\t\t\t\t\t<div class=\"elementor-element elementor-element-b4ed36c justify-text elementor-invisible elementor-widget elementor-widget-text-editor\" data-id=\"b4ed36c\" data-element_type=\"widget\" data-e-type=\"widget\" data-settings=\"{&quot;_animation&quot;:&quot;fadeInRight&quot;}\" data-widget_type=\"text-editor.default\">\n\t\t\t\t\t\t\t\t\t<p style=\"text-align: left;\"><span style=\"font-weight: 400; color: #ffffff;\">Sofisticada, moderna y atrevida, combina arm\u00f3nicamente sabores, colores y texturas con temperaturas perfectas. Un viaje gastron\u00f3mico desde el interior por los sabores del mundo.\u00a0<\/span><\/p><p style=\"text-align: left;\"><span style=\"font-weight: 400; color: #ffffff;\">Cocina abierta para vivir la experiencia del paso a paso. <\/span><\/p>\t\t\t\t\t\t\t\t<\/div>\n\t\t\t\t<div class=\"elementor-element elementor-element-6a164eb text-service elementor-widget__width-initial elementor-icon-list--layout-traditional elementor-list-item-link-full_width elementor-widget elementor-widget-icon-list\" data-id=\"6a164eb\" data-element_type=\"widget\" data-e-type=\"widget\" data-widget_type=\"icon-list.default\">\n\t\t\t\t\t\t\t<ul class=\"elementor-icon-list-items\">\n\t\t\t\t\t\t\t<li class=\"elementor-icon-list-item\">\n\t\t\t\t\t\t\t\t\t\t\t<span class=\"elementor-icon-list-icon\">\n\t\t\t\t\t\t\t<i aria-hidden=\"true\" class=\"fas fa-clock\"><\/i>\t\t\t\t\t\t<\/span>\n\t\t\t\t\t\t\t\t\t\t<span class=\"elementor-icon-list-text\">Domingos, Lunes y martes de 12:30 p.m. a 5:00 p.m.<\/span>\n\t\t\t\t\t\t\t\t\t<\/li>\n\t\t\t\t\t\t\t\t<li class=\"elementor-icon-list-item\">\n\t\t\t\t\t\t\t\t\t\t\t<span class=\"elementor-icon-list-icon\">\n\t\t\t\t\t\t\t<i aria-hidden=\"true\" class=\"fas fa-clock\"><\/i>\t\t\t\t\t\t<\/span>\n\t\t\t\t\t\t\t\t\t\t<span class=\"elementor-icon-list-text\">De mi\u00e9rcoles a s\u00e1bado de 12:30 p.m. a 10:00 p.m<\/span>\n\t\t\t\t\t\t\t\t\t<\/li>\n\t\t\t\t\t\t<\/ul>\n\t\t\t\t\t\t<\/div>\n\t\t\t\t\t<\/div>\n\t\t<\/div>\n\t\t\t\t\t<\/div>\n\t\t<\/section>\n\t\t\t\t<section class=\"elementor-section elementor-top-section elementor-element elementor-element-a685b49 elementor-section-boxed elementor-section-height-default elementor-section-height-default\" data-id=\"a685b49\" data-element_type=\"section\" data-e-type=\"section\">\n\t\t\t\t\t\t<div class=\"elementor-container elementor-column-gap-default\">\n\t\t\t\t\t<div class=\"elementor-column elementor-col-100 elementor-top-column elementor-element elementor-element-ba0d82e\" data-id=\"ba0d82e\" data-element_type=\"column\" data-e-type=\"column\">\n\t\t\t<div class=\"elementor-widget-wrap\">\n\t\t\t\t\t\t\t<\/div>\n\t\t<\/div>\n\t\t\t\t\t<\/div>\n\t\t<\/section>\n\t\t\t\t<\/div>","protected":false},"excerpt":{"rendered":"<p>Nuestra cocina Sofisticada, moderna y atrevida, combina arm\u00f3nicamente sabores, colores y texturas con temperaturas perfectas. Un viaje gastron\u00f3mico desde el interior por los sabores del mundo.\u00a0 Cocina abierta para vivir la experiencia del paso a paso. Domingos, Lunes y martes de 12:30 p.m. a 5:00 p.m. De mi\u00e9rcoles a s\u00e1bado de 12:30 p.m. a 10:00 [&hellip;]<\/p>\n","protected":false},"author":1,"featured_media":0,"parent":90,"menu_order":0,"comment_status":"closed","ping_status":"closed","template":"","meta":{"footnotes":""},"class_list":["post-367","page","type-page","status-publish","hentry"],"yoast_head":"<!-- This site is optimized with the Yoast SEO plugin v27.0 - https:\/\/yoast.com\/product\/yoast-seo-wordpress\/ -->\n<title>Nuestra cocina - DIOS Bogot\u00e1 - Hotel, restaurante<\/title>\n<meta name=\"robots\" content=\"index, follow, max-snippet:-1, max-image-preview:large, max-video-preview:-1\" \/>\n<link rel=\"canonical\" href=\"https:\/\/diosbta.com\/en\/home-2\/nuestra-cocina\/\" \/>\n<meta property=\"og:locale\" content=\"en_US\" \/>\n<meta property=\"og:type\" content=\"article\" \/>\n<meta property=\"og:title\" content=\"Nuestra cocina - DIOS Bogot\u00e1 - Hotel, restaurante\" \/>\n<meta property=\"og:description\" content=\"Nuestra cocina Sofisticada, moderna y atrevida, combina arm\u00f3nicamente sabores, colores y texturas con temperaturas perfectas. Un viaje gastron\u00f3mico desde el interior por los sabores del mundo.\u00a0 Cocina abierta para vivir la experiencia del paso a paso. Domingos, Lunes y martes de 12:30 p.m. a 5:00 p.m. De mi\u00e9rcoles a s\u00e1bado de 12:30 p.m. a 10:00 [&hellip;]\" \/>\n<meta property=\"og:url\" content=\"https:\/\/diosbta.com\/en\/home-2\/nuestra-cocina\/\" \/>\n<meta property=\"og:site_name\" content=\"DIOS Bogot\u00e1 - Hotel, restaurante\" \/>\n<meta property=\"article:modified_time\" content=\"2025-06-12T00:32:23+00:00\" \/>\n<meta property=\"og:image\" content=\"https:\/\/diosbta.com\/wp-content\/uploads\/2023\/04\/DSC06473-683x1025.jpg\" \/>\n<meta name=\"twitter:card\" content=\"summary_large_image\" \/>\n<meta name=\"twitter:label1\" content=\"Est. reading time\" \/>\n\t<meta name=\"twitter:data1\" content=\"1 minute\" \/>\n<script type=\"application\/ld+json\" class=\"yoast-schema-graph\">{\"@context\":\"https:\/\/schema.org\",\"@graph\":[{\"@type\":\"WebPage\",\"@id\":\"https:\/\/diosbta.com\/home-2\/nuestra-cocina\/\",\"url\":\"https:\/\/diosbta.com\/home-2\/nuestra-cocina\/\",\"name\":\"Nuestra cocina - DIOS Bogot\u00e1 - Hotel, restaurante\",\"isPartOf\":{\"@id\":\"https:\/\/diosbta.com\/#website\"},\"primaryImageOfPage\":{\"@id\":\"https:\/\/diosbta.com\/home-2\/nuestra-cocina\/#primaryimage\"},\"image\":{\"@id\":\"https:\/\/diosbta.com\/home-2\/nuestra-cocina\/#primaryimage\"},\"thumbnailUrl\":\"https:\/\/diosbta.com\/wp-content\/uploads\/2023\/04\/DSC06473-683x1025.jpg\",\"datePublished\":\"2023-04-28T18:59:22+00:00\",\"dateModified\":\"2025-06-12T00:32:23+00:00\",\"breadcrumb\":{\"@id\":\"https:\/\/diosbta.com\/home-2\/nuestra-cocina\/#breadcrumb\"},\"inLanguage\":\"en-US\",\"potentialAction\":[{\"@type\":\"ReadAction\",\"target\":[\"https:\/\/diosbta.com\/home-2\/nuestra-cocina\/\"]}]},{\"@type\":\"ImageObject\",\"inLanguage\":\"en-US\",\"@id\":\"https:\/\/diosbta.com\/home-2\/nuestra-cocina\/#primaryimage\",\"url\":\"https:\/\/diosbta.com\/wp-content\/uploads\/2023\/04\/DSC06473-683x1025.jpg\",\"contentUrl\":\"https:\/\/diosbta.com\/wp-content\/uploads\/2023\/04\/DSC06473-683x1025.jpg\"},{\"@type\":\"BreadcrumbList\",\"@id\":\"https:\/\/diosbta.com\/home-2\/nuestra-cocina\/#breadcrumb\",\"itemListElement\":[{\"@type\":\"ListItem\",\"position\":1,\"name\":\"Inicio\",\"item\":\"https:\/\/diosbta.com\/\"},{\"@type\":\"ListItem\",\"position\":2,\"name\":\"Home 2\",\"item\":\"https:\/\/diosbta.com\/\"},{\"@type\":\"ListItem\",\"position\":3,\"name\":\"Nuestra cocina\"}]},{\"@type\":\"WebSite\",\"@id\":\"https:\/\/diosbta.com\/#website\",\"url\":\"https:\/\/diosbta.com\/\",\"name\":\"DIOS Bogot\u00e1 - Hotel, restaurante\",\"description\":\"\",\"potentialAction\":[{\"@type\":\"SearchAction\",\"target\":{\"@type\":\"EntryPoint\",\"urlTemplate\":\"https:\/\/diosbta.com\/?s={search_term_string}\"},\"query-input\":{\"@type\":\"PropertyValueSpecification\",\"valueRequired\":true,\"valueName\":\"search_term_string\"}}],\"inLanguage\":\"en-US\"}]}<\/script>\n<!-- \/ Yoast SEO plugin. -->","yoast_head_json":{"title":"Nuestra cocina - DIOS Bogot\u00e1 - Hotel, restaurante","robots":{"index":"index","follow":"follow","max-snippet":"max-snippet:-1","max-image-preview":"max-image-preview:large","max-video-preview":"max-video-preview:-1"},"canonical":"https:\/\/diosbta.com\/en\/home-2\/nuestra-cocina\/","og_locale":"en_US","og_type":"article","og_title":"Nuestra cocina - DIOS Bogot\u00e1 - Hotel, restaurante","og_description":"Nuestra cocina Sofisticada, moderna y atrevida, combina arm\u00f3nicamente sabores, colores y texturas con temperaturas perfectas. Un viaje gastron\u00f3mico desde el interior por los sabores del mundo.\u00a0 Cocina abierta para vivir la experiencia del paso a paso. Domingos, Lunes y martes de 12:30 p.m. a 5:00 p.m. De mi\u00e9rcoles a s\u00e1bado de 12:30 p.m. a 10:00 [&hellip;]","og_url":"https:\/\/diosbta.com\/en\/home-2\/nuestra-cocina\/","og_site_name":"DIOS Bogot\u00e1 - Hotel, restaurante","article_modified_time":"2025-06-12T00:32:23+00:00","og_image":[{"url":"https:\/\/diosbta.com\/wp-content\/uploads\/2023\/04\/DSC06473-683x1025.jpg","type":"","width":"","height":""}],"twitter_card":"summary_large_image","twitter_misc":{"Est. reading time":"1 minute"},"schema":{"@context":"https:\/\/schema.org","@graph":[{"@type":"WebPage","@id":"https:\/\/diosbta.com\/home-2\/nuestra-cocina\/","url":"https:\/\/diosbta.com\/home-2\/nuestra-cocina\/","name":"Nuestra cocina - DIOS Bogot\u00e1 - Hotel, restaurante","isPartOf":{"@id":"https:\/\/diosbta.com\/#website"},"primaryImageOfPage":{"@id":"https:\/\/diosbta.com\/home-2\/nuestra-cocina\/#primaryimage"},"image":{"@id":"https:\/\/diosbta.com\/home-2\/nuestra-cocina\/#primaryimage"},"thumbnailUrl":"https:\/\/diosbta.com\/wp-content\/uploads\/2023\/04\/DSC06473-683x1025.jpg","datePublished":"2023-04-28T18:59:22+00:00","dateModified":"2025-06-12T00:32:23+00:00","breadcrumb":{"@id":"https:\/\/diosbta.com\/home-2\/nuestra-cocina\/#breadcrumb"},"inLanguage":"en-US","potentialAction":[{"@type":"ReadAction","target":["https:\/\/diosbta.com\/home-2\/nuestra-cocina\/"]}]},{"@type":"ImageObject","inLanguage":"en-US","@id":"https:\/\/diosbta.com\/home-2\/nuestra-cocina\/#primaryimage","url":"https:\/\/diosbta.com\/wp-content\/uploads\/2023\/04\/DSC06473-683x1025.jpg","contentUrl":"https:\/\/diosbta.com\/wp-content\/uploads\/2023\/04\/DSC06473-683x1025.jpg"},{"@type":"BreadcrumbList","@id":"https:\/\/diosbta.com\/home-2\/nuestra-cocina\/#breadcrumb","itemListElement":[{"@type":"ListItem","position":1,"name":"Inicio","item":"https:\/\/diosbta.com\/"},{"@type":"ListItem","position":2,"name":"Home 2","item":"https:\/\/diosbta.com\/"},{"@type":"ListItem","position":3,"name":"Nuestra cocina"}]},{"@type":"WebSite","@id":"https:\/\/diosbta.com\/#website","url":"https:\/\/diosbta.com\/","name":"DIOS Bogot\u00e1 - Hotel, restaurante","description":"","potentialAction":[{"@type":"SearchAction","target":{"@type":"EntryPoint","urlTemplate":"https:\/\/diosbta.com\/?s={search_term_string}"},"query-input":{"@type":"PropertyValueSpecification","valueRequired":true,"valueName":"search_term_string"}}],"inLanguage":"en-US"}]}},"_links":{"self":[{"href":"https:\/\/diosbta.com\/en\/wp-json\/wp\/v2\/pages\/367","targetHints":{"allow":["GET"]}}],"collection":[{"href":"https:\/\/diosbta.com\/en\/wp-json\/wp\/v2\/pages"}],"about":[{"href":"https:\/\/diosbta.com\/en\/wp-json\/wp\/v2\/types\/page"}],"author":[{"embeddable":true,"href":"https:\/\/diosbta.com\/en\/wp-json\/wp\/v2\/users\/1"}],"replies":[{"embeddable":true,"href":"https:\/\/diosbta.com\/en\/wp-json\/wp\/v2\/comments?post=367"}],"version-history":[{"count":0,"href":"https:\/\/diosbta.com\/en\/wp-json\/wp\/v2\/pages\/367\/revisions"}],"up":[{"embeddable":true,"href":"https:\/\/diosbta.com\/en\/wp-json\/wp\/v2\/pages\/90"}],"wp:attachment":[{"href":"https:\/\/diosbta.com\/en\/wp-json\/wp\/v2\/media?parent=367"}],"curies":[{"name":"wp","href":"https:\/\/api.w.org\/{rel}","templated":true}]}}