{"id":222,"date":"2023-04-28T10:13:00","date_gmt":"2023-04-28T15:13:00","guid":{"rendered":"https:\/\/diosbta.com\/web\/?page_id=222"},"modified":"2025-06-11T19:29:29","modified_gmt":"2025-06-12T00:29:29","slug":"lugar-magico","status":"publish","type":"page","link":"https:\/\/diosbta.com\/en\/lugar-magico\/","title":{"rendered":"Dios &#8211; Un lugar m\u00e1gico"},"content":{"rendered":"<div data-elementor-type=\"wp-page\" data-elementor-id=\"222\" class=\"elementor elementor-222\" data-elementor-post-type=\"page\">\n\t\t\t\t\t\t<section class=\"elementor-section elementor-top-section elementor-element elementor-element-1414753 elementor-section-full_width elementor-section-height-min-height elementor-section-height-default elementor-section-items-middle\" data-id=\"1414753\" data-element_type=\"section\" data-e-type=\"section\" data-settings=\"{&quot;background_background&quot;:&quot;classic&quot;}\">\n\t\t\t\t\t\t<div class=\"elementor-container elementor-column-gap-default\">\n\t\t\t\t\t<div class=\"elementor-column elementor-col-100 elementor-top-column elementor-element elementor-element-7a6f8d5\" data-id=\"7a6f8d5\" data-element_type=\"column\" data-e-type=\"column\">\n\t\t\t<div class=\"elementor-widget-wrap\">\n\t\t\t\t\t\t\t<\/div>\n\t\t<\/div>\n\t\t\t\t\t<\/div>\n\t\t<\/section>\n\t\t\t\t<section class=\"elementor-section elementor-top-section elementor-element elementor-element-18fb11f row-reverse  elementor-section-boxed elementor-section-height-default elementor-section-height-default\" data-id=\"18fb11f\" data-element_type=\"section\" data-e-type=\"section\">\n\t\t\t\t\t\t<div class=\"elementor-container elementor-column-gap-default\">\n\t\t\t\t\t<div class=\"elementor-column elementor-col-50 elementor-top-column elementor-element elementor-element-52206c3 box-1\" data-id=\"52206c3\" data-element_type=\"column\" data-e-type=\"column\">\n\t\t\t<div class=\"elementor-widget-wrap elementor-element-populated\">\n\t\t\t\t\t\t<div class=\"elementor-element elementor-element-69f5df1 b-rounded elementor-invisible elementor-widget elementor-widget-image\" data-id=\"69f5df1\" data-element_type=\"widget\" data-e-type=\"widget\" data-settings=\"{&quot;_animation&quot;:&quot;fadeInLeft&quot;}\" data-widget_type=\"image.default\">\n\t\t\t\t\t\t\t\t\t\t\t\t\t\t\t<img loading=\"lazy\" decoding=\"async\" width=\"705\" height=\"1024\" src=\"https:\/\/diosbta.com\/wp-content\/uploads\/2023\/04\/foto-lugar-705x1024.jpg\" class=\"attachment-large size-large wp-image-225\" alt=\"\" srcset=\"https:\/\/diosbta.com\/wp-content\/uploads\/2023\/04\/foto-lugar-705x1024.jpg 705w, https:\/\/diosbta.com\/wp-content\/uploads\/2023\/04\/foto-lugar-207x300.jpg 207w, https:\/\/diosbta.com\/wp-content\/uploads\/2023\/04\/foto-lugar-768x1115.jpg 768w, https:\/\/diosbta.com\/wp-content\/uploads\/2023\/04\/foto-lugar-1058x1536.jpg 1058w, https:\/\/diosbta.com\/wp-content\/uploads\/2023\/04\/foto-lugar-8x12.jpg 8w, https:\/\/diosbta.com\/wp-content\/uploads\/2023\/04\/foto-lugar.jpg 1102w\" sizes=\"auto, (max-width: 705px) 100vw, 705px\" \/>\t\t\t\t\t\t\t\t\t\t\t\t\t\t\t<\/div>\n\t\t\t\t\t<\/div>\n\t\t<\/div>\n\t\t\t\t<div class=\"elementor-column elementor-col-50 elementor-top-column elementor-element elementor-element-5889e7a box-2\" data-id=\"5889e7a\" data-element_type=\"column\" data-e-type=\"column\">\n\t\t\t<div class=\"elementor-widget-wrap elementor-element-populated\">\n\t\t\t\t\t\t<div class=\"elementor-element elementor-element-020c99c elementor-invisible elementor-widget elementor-widget-heading\" data-id=\"020c99c\" data-element_type=\"widget\" data-e-type=\"widget\" data-settings=\"{&quot;_animation&quot;:&quot;fadeInRight&quot;}\" data-widget_type=\"heading.default\">\n\t\t\t\t\t<h2 class=\"elementor-heading-title elementor-size-default\">Dios: Un lugar m\u00e1gico<\/h2>\t\t\t\t<\/div>\n\t\t\t\t<div class=\"elementor-element elementor-element-b4ed36c justify-text elementor-invisible elementor-widget elementor-widget-text-editor\" data-id=\"b4ed36c\" data-element_type=\"widget\" data-e-type=\"widget\" data-settings=\"{&quot;_animation&quot;:&quot;fadeInRight&quot;}\" data-widget_type=\"text-editor.default\">\n\t\t\t\t\t\t\t\t\t<p><span style=\"font-weight: 400;\">Dios is located in the heart of the historic center of Bogot\u00e1, Cra. 3 #10-54.<\/span> <span style=\"font-weight: 400;\">Un lugar ecl\u00e9ctico, tranquilo y sofisticado, que conecta la tradici\u00f3n de la Candelaria y la vida moderna de la ciudad en un solo espacio. Cuenta con tres exclusivas habitaciones, restaurante de lujo y cava con las mejores cepas, que har\u00e1n de su estancia una experiencia \u00fanica.<\/span><\/p><p><span style=\"font-weight: 400;\">It was born with the purpose of integrating the present with the past, in an exclusive environment where romanticism and the avant-garde are fully experienced. Its walls and corridors, full of stories, tell us about a place that invites enjoyment, contemplation, and joy through all the senses.<\/span><\/p>\t\t\t\t\t\t\t\t<\/div>\n\t\t\t\t\t<\/div>\n\t\t<\/div>\n\t\t\t\t\t<\/div>\n\t\t<\/section>\n\t\t\t\t<\/div>","protected":false},"excerpt":{"rendered":"<p>Dios: Un lugar m\u00e1gico Dios est\u00e1 ubicado en el coraz\u00f3n del centro hist\u00f3rico de Bogot\u00e1, Cra. 3 #10-54. Un lugar ecl\u00e9ctico, tranquilo y sofisticado, que conecta la tradici\u00f3n de la Candelaria y la vida moderna de la ciudad en un solo espacio. Cuenta con tres exclusivas habitaciones, restaurante de lujo y cava con las mejores [&hellip;]<\/p>\n","protected":false},"author":1,"featured_media":0,"parent":0,"menu_order":0,"comment_status":"closed","ping_status":"closed","template":"","meta":{"footnotes":""},"class_list":["post-222","page","type-page","status-publish","hentry"],"yoast_head":"<!-- This site is optimized with the Yoast SEO plugin v27.0 - https:\/\/yoast.com\/product\/yoast-seo-wordpress\/ -->\n<title>Dios - Un lugar m\u00e1gico - DIOS Bogot\u00e1 - Hotel, restaurante<\/title>\n<meta name=\"robots\" content=\"index, follow, max-snippet:-1, max-image-preview:large, max-video-preview:-1\" \/>\n<link rel=\"canonical\" href=\"https:\/\/diosbta.com\/en\/lugar-magico\/\" \/>\n<meta property=\"og:locale\" content=\"en_US\" \/>\n<meta property=\"og:type\" content=\"article\" \/>\n<meta property=\"og:title\" content=\"Dios - Un lugar m\u00e1gico - DIOS Bogot\u00e1 - Hotel, restaurante\" \/>\n<meta property=\"og:description\" content=\"Dios: Un lugar m\u00e1gico Dios est\u00e1 ubicado en el coraz\u00f3n del centro hist\u00f3rico de Bogot\u00e1, Cra. 3 #10-54. Un lugar ecl\u00e9ctico, tranquilo y sofisticado, que conecta la tradici\u00f3n de la Candelaria y la vida moderna de la ciudad en un solo espacio. Cuenta con tres exclusivas habitaciones, restaurante de lujo y cava con las mejores [&hellip;]\" \/>\n<meta property=\"og:url\" content=\"https:\/\/diosbta.com\/en\/lugar-magico\/\" \/>\n<meta property=\"og:site_name\" content=\"DIOS Bogot\u00e1 - Hotel, restaurante\" \/>\n<meta property=\"article:modified_time\" content=\"2025-06-12T00:29:29+00:00\" \/>\n<meta property=\"og:image\" content=\"https:\/\/diosbta.com\/wp-content\/uploads\/2023\/04\/foto-lugar-705x1024.jpg\" \/>\n<meta name=\"twitter:card\" content=\"summary_large_image\" \/>\n<meta name=\"twitter:label1\" content=\"Est. reading time\" \/>\n\t<meta name=\"twitter:data1\" content=\"1 minute\" \/>\n<script type=\"application\/ld+json\" class=\"yoast-schema-graph\">{\"@context\":\"https:\/\/schema.org\",\"@graph\":[{\"@type\":\"WebPage\",\"@id\":\"https:\/\/diosbta.com\/lugar-magico\/\",\"url\":\"https:\/\/diosbta.com\/lugar-magico\/\",\"name\":\"Dios - Un lugar m\u00e1gico - DIOS Bogot\u00e1 - Hotel, restaurante\",\"isPartOf\":{\"@id\":\"https:\/\/diosbta.com\/#website\"},\"primaryImageOfPage\":{\"@id\":\"https:\/\/diosbta.com\/lugar-magico\/#primaryimage\"},\"image\":{\"@id\":\"https:\/\/diosbta.com\/lugar-magico\/#primaryimage\"},\"thumbnailUrl\":\"https:\/\/diosbta.com\/wp-content\/uploads\/2023\/04\/foto-lugar-705x1024.jpg\",\"datePublished\":\"2023-04-28T15:13:00+00:00\",\"dateModified\":\"2025-06-12T00:29:29+00:00\",\"breadcrumb\":{\"@id\":\"https:\/\/diosbta.com\/lugar-magico\/#breadcrumb\"},\"inLanguage\":\"en-US\",\"potentialAction\":[{\"@type\":\"ReadAction\",\"target\":[\"https:\/\/diosbta.com\/lugar-magico\/\"]}]},{\"@type\":\"ImageObject\",\"inLanguage\":\"en-US\",\"@id\":\"https:\/\/diosbta.com\/lugar-magico\/#primaryimage\",\"url\":\"https:\/\/diosbta.com\/wp-content\/uploads\/2023\/04\/foto-lugar-705x1024.jpg\",\"contentUrl\":\"https:\/\/diosbta.com\/wp-content\/uploads\/2023\/04\/foto-lugar-705x1024.jpg\"},{\"@type\":\"BreadcrumbList\",\"@id\":\"https:\/\/diosbta.com\/lugar-magico\/#breadcrumb\",\"itemListElement\":[{\"@type\":\"ListItem\",\"position\":1,\"name\":\"Inicio\",\"item\":\"https:\/\/diosbta.com\/\"},{\"@type\":\"ListItem\",\"position\":2,\"name\":\"Dios &#8211; Un lugar m\u00e1gico\"}]},{\"@type\":\"WebSite\",\"@id\":\"https:\/\/diosbta.com\/#website\",\"url\":\"https:\/\/diosbta.com\/\",\"name\":\"DIOS Bogot\u00e1 - Hotel, restaurante\",\"description\":\"\",\"potentialAction\":[{\"@type\":\"SearchAction\",\"target\":{\"@type\":\"EntryPoint\",\"urlTemplate\":\"https:\/\/diosbta.com\/?s={search_term_string}\"},\"query-input\":{\"@type\":\"PropertyValueSpecification\",\"valueRequired\":true,\"valueName\":\"search_term_string\"}}],\"inLanguage\":\"en-US\"}]}<\/script>\n<!-- \/ Yoast SEO plugin. -->","yoast_head_json":{"title":"Dios - Un lugar m\u00e1gico - DIOS Bogot\u00e1 - Hotel, restaurante","robots":{"index":"index","follow":"follow","max-snippet":"max-snippet:-1","max-image-preview":"max-image-preview:large","max-video-preview":"max-video-preview:-1"},"canonical":"https:\/\/diosbta.com\/en\/lugar-magico\/","og_locale":"en_US","og_type":"article","og_title":"Dios - Un lugar m\u00e1gico - DIOS Bogot\u00e1 - Hotel, restaurante","og_description":"Dios: Un lugar m\u00e1gico Dios est\u00e1 ubicado en el coraz\u00f3n del centro hist\u00f3rico de Bogot\u00e1, Cra. 3 #10-54. Un lugar ecl\u00e9ctico, tranquilo y sofisticado, que conecta la tradici\u00f3n de la Candelaria y la vida moderna de la ciudad en un solo espacio. Cuenta con tres exclusivas habitaciones, restaurante de lujo y cava con las mejores [&hellip;]","og_url":"https:\/\/diosbta.com\/en\/lugar-magico\/","og_site_name":"DIOS Bogot\u00e1 - Hotel, restaurante","article_modified_time":"2025-06-12T00:29:29+00:00","og_image":[{"url":"https:\/\/diosbta.com\/wp-content\/uploads\/2023\/04\/foto-lugar-705x1024.jpg","type":"","width":"","height":""}],"twitter_card":"summary_large_image","twitter_misc":{"Est. reading time":"1 minute"},"schema":{"@context":"https:\/\/schema.org","@graph":[{"@type":"WebPage","@id":"https:\/\/diosbta.com\/lugar-magico\/","url":"https:\/\/diosbta.com\/lugar-magico\/","name":"Dios - Un lugar m\u00e1gico - DIOS Bogot\u00e1 - Hotel, restaurante","isPartOf":{"@id":"https:\/\/diosbta.com\/#website"},"primaryImageOfPage":{"@id":"https:\/\/diosbta.com\/lugar-magico\/#primaryimage"},"image":{"@id":"https:\/\/diosbta.com\/lugar-magico\/#primaryimage"},"thumbnailUrl":"https:\/\/diosbta.com\/wp-content\/uploads\/2023\/04\/foto-lugar-705x1024.jpg","datePublished":"2023-04-28T15:13:00+00:00","dateModified":"2025-06-12T00:29:29+00:00","breadcrumb":{"@id":"https:\/\/diosbta.com\/lugar-magico\/#breadcrumb"},"inLanguage":"en-US","potentialAction":[{"@type":"ReadAction","target":["https:\/\/diosbta.com\/lugar-magico\/"]}]},{"@type":"ImageObject","inLanguage":"en-US","@id":"https:\/\/diosbta.com\/lugar-magico\/#primaryimage","url":"https:\/\/diosbta.com\/wp-content\/uploads\/2023\/04\/foto-lugar-705x1024.jpg","contentUrl":"https:\/\/diosbta.com\/wp-content\/uploads\/2023\/04\/foto-lugar-705x1024.jpg"},{"@type":"BreadcrumbList","@id":"https:\/\/diosbta.com\/lugar-magico\/#breadcrumb","itemListElement":[{"@type":"ListItem","position":1,"name":"Inicio","item":"https:\/\/diosbta.com\/"},{"@type":"ListItem","position":2,"name":"Dios &#8211; Un lugar m\u00e1gico"}]},{"@type":"WebSite","@id":"https:\/\/diosbta.com\/#website","url":"https:\/\/diosbta.com\/","name":"DIOS Bogot\u00e1 - Hotel, restaurante","description":"","potentialAction":[{"@type":"SearchAction","target":{"@type":"EntryPoint","urlTemplate":"https:\/\/diosbta.com\/?s={search_term_string}"},"query-input":{"@type":"PropertyValueSpecification","valueRequired":true,"valueName":"search_term_string"}}],"inLanguage":"en-US"}]}},"_links":{"self":[{"href":"https:\/\/diosbta.com\/en\/wp-json\/wp\/v2\/pages\/222","targetHints":{"allow":["GET"]}}],"collection":[{"href":"https:\/\/diosbta.com\/en\/wp-json\/wp\/v2\/pages"}],"about":[{"href":"https:\/\/diosbta.com\/en\/wp-json\/wp\/v2\/types\/page"}],"author":[{"embeddable":true,"href":"https:\/\/diosbta.com\/en\/wp-json\/wp\/v2\/users\/1"}],"replies":[{"embeddable":true,"href":"https:\/\/diosbta.com\/en\/wp-json\/wp\/v2\/comments?post=222"}],"version-history":[{"count":0,"href":"https:\/\/diosbta.com\/en\/wp-json\/wp\/v2\/pages\/222\/revisions"}],"wp:attachment":[{"href":"https:\/\/diosbta.com\/en\/wp-json\/wp\/v2\/media?parent=222"}],"curies":[{"name":"wp","href":"https:\/\/api.w.org\/{rel}","templated":true}]}}